{"id":306,"date":"2017-09-04T21:27:40","date_gmt":"2017-09-04T19:27:40","guid":{"rendered":"http:\/\/thibaultwalter.com\/?page_id=306"},"modified":"2026-02-08T15:17:57","modified_gmt":"2026-02-08T14:17:57","slug":"bio","status":"publish","type":"page","link":"https:\/\/thibaultwalter.com\/index.php\/bio\/","title":{"rendered":"bio"},"content":{"rendered":"\n<div class=\"wp-block-image\"><figure class=\"aligncenter size-large\"><img loading=\"lazy\" width=\"1024\" height=\"797\" src=\"http:\/\/thibaultwalter.com\/wp-content\/uploads\/2021\/05\/Thibaultseul-1024x797.png\" alt=\"\" class=\"wp-image-436\" srcset=\"https:\/\/thibaultwalter.com\/wp-content\/uploads\/2021\/05\/Thibaultseul-1024x797.png 1024w, https:\/\/thibaultwalter.com\/wp-content\/uploads\/2021\/05\/Thibaultseul-300x233.png 300w, https:\/\/thibaultwalter.com\/wp-content\/uploads\/2021\/05\/Thibaultseul-768x598.png 768w, https:\/\/thibaultwalter.com\/wp-content\/uploads\/2021\/05\/Thibaultseul-1536x1195.png 1536w, https:\/\/thibaultwalter.com\/wp-content\/uploads\/2021\/05\/Thibaultseul-2048x1594.png 2048w, https:\/\/thibaultwalter.com\/wp-content\/uploads\/2021\/05\/Thibaultseul-600x467.png 600w\" sizes=\"(max-width: 1024px) 100vw, 1024px\" \/><\/figure><\/div>\n\n\n<div class=\"page\" title=\"Page 1\">\n<div class=\"layoutArea\">\n<div class=\"column\">\n<p>Musicien de formation, j&#8217;ai suivi les cursus du Conservatoire national sup\u00e9rieur de Paris en acoustique, analyse, esth\u00e9tique et improvisation. Aujourd&#8217;hui je travaille dans des projets vari\u00e9s en tant que pianiste, musicien \u00e9lectronique, compositeur ou vid\u00e9aste.<\/p>\n<p>Mon univers principal est celui de l&#8217;improvisation libre, cependant j&#8217;ai pu traverser les univers du Jazz, du Rock et des musiques \u00e9lectroniques. J&#8217;aime les machines : pour leur potentiel, ce qu&#8217;elles peuvent faire, m\u00eame ce qu&#8217;elle font mal, m\u00eame ce pour quoi elles n&#8217;ont pas \u00e9t\u00e9 con\u00e7ues. J&#8217;aime les technologies et la technique\u00a0 pour ce qu&#8217;elles racontent de nous-m\u00eame et du monde. C&#8217;est la raison pour laquelle j&#8217;ai pu travailler avec des t\u00e9l\u00e9viseurs \u00e0 tube cathodique apr\u00e8s avoir travaill\u00e9 avec des projecteurs 16mm et des patchs pure-data, avec des clavinets comme des synth\u00e9tiseurs Moog, avec des logiciels de synth\u00e8se FM comme par mod\u00e8le physique. Je n&#8217;utilise pas ces outils pour ce pour quoi \u00e0 quoi ils <em>servent<\/em> : j&#8217;ai le go\u00fbt de la rupture et de l&#8217;anachronisme, du <em>chaos<\/em> et du d\u00e9r\u00e8glement.<\/p>\n<p>J&#8217;ai enseign\u00e9 le piano jazz pendant 10 ans au conservatoire de musique d&#8217;Igny, et quelques ann\u00e9es au conservatoire du Bourget. A 3IS (institut international de l&#8217;image et du son), j&#8217;ai \u00e9t\u00e9 responsable de l&#8217;e-formation et de l&#8217;innovation p\u00e9dagogique puis directeur de la formation continue ; j&#8217;y ai aussi enseign\u00e9 l&#8217;acoustique, la MAO, la culture musicale et la r\u00e9gie vid\u00e9o. Aujourd&#8217;hui je suis responsable du d\u00e9partement musiques actuelles du conservatoire de Limeil-Br\u00e9vannes, o\u00f9 j&#8217;enseigne le piano jazz, la MAO, l&#8217;harmonie et la culture jazz.<\/p>\n<p>Je suis l&#8217;un des fondateurs et g\u00e9rant du <a href=\"https:\/\/thunderboat.fr\/\">Thunder Boat<\/a> \u00e0 Auxerre.<\/p>\n<p><em>(photo : Quynh Lam)<\/em><\/p>\n<\/div>\n<\/div>\n<\/div>","protected":false},"excerpt":{"rendered":"<p>&hellip;<\/p>\n","protected":false},"author":1,"featured_media":0,"parent":0,"menu_order":0,"comment_status":"closed","ping_status":"closed","template":"","meta":[],"_links":{"self":[{"href":"https:\/\/thibaultwalter.com\/index.php\/wp-json\/wp\/v2\/pages\/306"}],"collection":[{"href":"https:\/\/thibaultwalter.com\/index.php\/wp-json\/wp\/v2\/pages"}],"about":[{"href":"https:\/\/thibaultwalter.com\/index.php\/wp-json\/wp\/v2\/types\/page"}],"author":[{"embeddable":true,"href":"https:\/\/thibaultwalter.com\/index.php\/wp-json\/wp\/v2\/users\/1"}],"replies":[{"embeddable":true,"href":"https:\/\/thibaultwalter.com\/index.php\/wp-json\/wp\/v2\/comments?post=306"}],"version-history":[{"count":11,"href":"https:\/\/thibaultwalter.com\/index.php\/wp-json\/wp\/v2\/pages\/306\/revisions"}],"predecessor-version":[{"id":466,"href":"https:\/\/thibaultwalter.com\/index.php\/wp-json\/wp\/v2\/pages\/306\/revisions\/466"}],"wp:attachment":[{"href":"https:\/\/thibaultwalter.com\/index.php\/wp-json\/wp\/v2\/media?parent=306"}],"curies":[{"name":"wp","href":"https:\/\/api.w.org\/{rel}","templated":true}]}}